{"id":12155,"date":"2026-01-15T07:55:42","date_gmt":"2026-01-15T06:55:42","guid":{"rendered":"https:\/\/panzerkabel.de\/?post_type=product&#038;p=12155"},"modified":"2026-02-26T14:34:56","modified_gmt":"2026-02-26T13:34:56","slug":"panzerkabel-hdmi-2-1-8k-60hz-silicone-cable-100m","status":"publish","type":"product","link":"https:\/\/panzerkabel.de\/en\/product\/panzerkabel-hdmi-2-1-8k-60hz-silicone-cable-100m\/","title":{"rendered":"PANZERKABEL HDMI 2.1 8k 60Hz silicone cable 100m"},"content":{"rendered":"\t\t<div data-elementor-type=\"product-post\" data-elementor-id=\"12155\" class=\"elementor elementor-12155 elementor-12154\" data-elementor-post-type=\"product\">\n\t\t\t\t<div class=\"elementor-element elementor-element-3b10724b e-flex e-con-boxed e-con e-parent\" data-id=\"3b10724b\" data-element_type=\"container\" data-e-type=\"container\">\n\t\t\t\t\t<div class=\"e-con-inner\">\n\t\t\t\t<div class=\"elementor-element elementor-element-38a48d4f color-scheme-inherit text-left elementor-widget elementor-widget-text-editor\" data-id=\"38a48d4f\" data-element_type=\"widget\" data-e-type=\"widget\" data-widget_type=\"text-editor.default\">\n\t\t\t\t<div class=\"elementor-widget-container\">\n\t\t\t\t\t\t\t\t\t<p><strong>Neues High-End: Silikon-PANZERKABEL\u00ae f\u00fcr Temperaturbereich -40 bis +200 Grad Celsius<\/strong><\/p><p>Das neue Flaggschiff der PANZERKABEL\u00ae-Serie ist das PANZERKABEL HDMI 2.1 8K 60Hz Silikon Kabel 100m, ebenfalls ausgelegt f\u00fcr 8k\/60Hz- oder 4K\/120Hz-Signale und ebenfalls stahlarmiert f\u00fcr Belastungen bis 200 Kilogramm \u2013 aber einsetzbar im Temperaturbereich von -40 bis +200 Grad Celsius! Wo herk\u00f6mmliche, PVC-ummantelte Kabel kapitulieren, beh\u00e4lt das Silikon-PANZERKABEL\u00ae seine souver\u00e4ne Flexibilit\u00e4t und Festigkeit. Die idealen Einsatzgebiete sind Industrie, Milit\u00e4r, Medizin und Luftfahrt. Die Kabel lassen sich f\u00fcr Eins\u00e4tze in Medizin auch sachgerecht desinfizieren.<\/p><p>Einsatzgebiete der PANZERKABEL\u00ae sind sowohl Vermietung als auch Festinstallationen. Alle Kabel sind nach CE, ROHS, REACH und FCC zertifiziert und direkt ab Lager Freital lieferbar. Die verbauten Treiberchips und Laserdioden stammen von den renommierten deutschen Herstellern Silicon Line und Laser Enterprise. Dank EDID und HDCP-Management funktionieren die Kabel reibungslos in Windows- oder Apple-\u00d6kosystemen und kommen ohne zus\u00e4tzliche Stromversorgung aus.<\/p><ul><li>aktives AOC optisches Kabel, hochflexibel und armored<\/li><li>HDMI2.1<\/li><li>Metall-Armierung und hitzebest\u00e4ndiger Silikon Mantel<br \/><strong>f\u00fcr Temperaturbereich -40 bis +200 Grad Celsius<\/strong><\/li><li>Quetschfestigkeit: Langfristig 100 kg; Kurzfristig 200 kg<\/li><li>Video-Bandbreite 32 Gbps<\/li><li>Aufl\u00f6sung max. 8 K @ 60 Hz, 7680 x 4320 Pixel<\/li><li>deep color, x.v.Color, HDR ready<\/li><li>kevlarverst\u00e4rktes Kabel, Kabeldurchmesser 5,8 mm<\/li><li>keine externe\/zus\u00e4tzliche Stromversorgung erforderlich<\/li><li>Zertifikate: CE, FCC, ROHS, REACH<\/li><\/ul>\t\t\t\t\t\t\t\t<\/div>\n\t\t\t\t<\/div>\n\t\t\t\t\t<\/div>\n\t\t\t\t<\/div>\n\t\t\t\t<\/div>\n\t\t","protected":false},"excerpt":{"rendered":"<p>New high-end: silicone PANZERKABEL\u00ae for temperature range -40 to +200 degrees Celsius The new flagship of the PANZERKABEL\u00ae series is<\/p>\n","protected":false},"featured_media":12948,"template":"","meta":{"_acf_changed":false},"product_brand":[],"product_cat":[177,53],"product_tag":[],"class_list":{"0":"post-12155","1":"product","2":"type-product","3":"status-publish","4":"has-post-thumbnail","6":"product_cat-cables","7":"product_cat-hdmi-aoc-cable","9":"first","10":"instock","11":"taxable","12":"shipping-taxable","13":"purchasable","14":"product-type-simple"},"acf":[],"_links":{"self":[{"href":"https:\/\/panzerkabel.de\/en\/wp-json\/wp\/v2\/product\/12155","targetHints":{"allow":["GET"]}}],"collection":[{"href":"https:\/\/panzerkabel.de\/en\/wp-json\/wp\/v2\/product"}],"about":[{"href":"https:\/\/panzerkabel.de\/en\/wp-json\/wp\/v2\/types\/product"}],"version-history":[{"count":1,"href":"https:\/\/panzerkabel.de\/en\/wp-json\/wp\/v2\/product\/12155\/revisions"}],"predecessor-version":[{"id":13491,"href":"https:\/\/panzerkabel.de\/en\/wp-json\/wp\/v2\/product\/12155\/revisions\/13491"}],"wp:featuredmedia":[{"embeddable":true,"href":"https:\/\/panzerkabel.de\/en\/wp-json\/wp\/v2\/media\/12948"}],"wp:attachment":[{"href":"https:\/\/panzerkabel.de\/en\/wp-json\/wp\/v2\/media?parent=12155"}],"wp:term":[{"taxonomy":"product_brand","embeddable":true,"href":"https:\/\/panzerkabel.de\/en\/wp-json\/wp\/v2\/product_brand?post=12155"},{"taxonomy":"product_cat","embeddable":true,"href":"https:\/\/panzerkabel.de\/en\/wp-json\/wp\/v2\/product_cat?post=12155"},{"taxonomy":"product_tag","embeddable":true,"href":"https:\/\/panzerkabel.de\/en\/wp-json\/wp\/v2\/product_tag?post=12155"}],"curies":[{"name":"wp","href":"https:\/\/api.w.org\/{rel}","templated":true}]}}